{"id":28,"date":"2018-09-12T23:25:16","date_gmt":"2018-09-12T20:25:16","guid":{"rendered":"https:\/\/gpsites.co\/spacious\/?page_id=19"},"modified":"2026-01-14T09:14:03","modified_gmt":"2026-01-14T07:14:03","slug":"despre","status":"publish","type":"page","link":"https:\/\/olivian.ro\/arte\/despre\/","title":{"rendered":"Despre"},"content":{"rendered":"<blockquote><p>Writing is wonderful. Thanks to the <a href=\"https:\/\/nesslabs.com\/generation-effect\">generation effect<\/a>, it helps you better <a href=\"https:\/\/nesslabs.com\/remember-what-you-read\">remember what you read<\/a>\u2014even if it\u2019s just by <a href=\"https:\/\/nesslabs.com\/note-taking\">taking notes<\/a>\u2014and is good for your <a href=\"https:\/\/nesslabs.com\/mental-gym\">mental health<\/a>. <a href=\"https:\/\/nesslabs.com\/writing-habit\">Building a writing habit<\/a> is one of the most powerful things you can do for yourself as a maker.<\/p>\n<p><a href=\"https:\/\/nesslabs.com\/mindframing-writing-personal-growth\">via: Writing is the best personal growth tool &#8211; Ness Labs \u00bb<\/a><\/p><\/blockquote>\n<p>&nbsp;<\/p>\n<blockquote><p>\u201cI am not sure that I exist, actually. I am all the writers that I have read, all the people that I have met, all the women that I have loved; all the cities I have visited.\u201d<\/p>\n<p>\u2015 <a href=\"https:\/\/www.swiss-miss.com\/2023\/12\/i-am-not-sure-that-i-exist.html\">Jorge Luis Borges<\/a><\/p><\/blockquote>\n<p>&nbsp;<\/p>\n<blockquote><p>\u201cPractice any art, music, singing, dancing, acting, drawing, painting, sculpting, poetry, fiction, essays, reportage, no matter how well or badly, not to get money and fame, but to experience becoming, to find out what\u2019s inside you, to make your soul grow.\u201d<br \/>\n\u2013 Kurt Vonnegut<\/p>\n<p>via: <a href=\"https:\/\/www.swiss-miss.com\/2023\/06\/practice-any-art.html\">swissmiss | Practice Any Art<\/a>.<\/p><\/blockquote>\n<p><a href=\"https:\/\/www.youtube.com\/playlist?list=PLEIxlq9oSvY7CQ3Q9MmsbKc7xnlxWcg14&amp;disable_polymer=true\">RO: Melodiile mele favorite \u00bb<\/a> &#8211; <a href=\"https:\/\/www.youtube.com\/playlist?list=PLEIxlq9oSvY7CQ3Q9MmsbKc7xnlxWcg14&amp;disable_polymer=true\">EN: Top songs I like \u00bb<\/a><\/p>\n<p><a href=\"https:\/\/twitter.com\/gadilaplacut\">RO: Muzic\u0103 care \u00eemi place (mai nou\u0103 \u00bb) &#8211; EN: Music I like recently \u00bb<\/a> &#8211; lista se va actualiza<\/p>\n<p><a href=\"https:\/\/www.last.fm\/user\/O_Breda\">RO: Muzic\u0103 care \u00eemi place (mai veche \u00bb) &#8211; EN: Music I used to listen to a while ago \u00bb<\/a> &#8211; lista nu se va actualiza<\/p>\n<p><a href=\"https:\/\/www.imdb.com\/user\/ur19837383\/ratings?sort=date_added,desc&amp;ratingFilter=10&amp;mode=detail&amp;lastPosition=0\">RO: Filme favorite \u00bb \/ EN: Favorite movies \u00bb<\/a><\/p>\n<p>Vreau s\u0103 postez, pe blogul dedicat artelor, lucruri create de mine. M\u0103 g\u00e2ndesc la scenarii de film, poate poezie, poate nuvele. Desigur, ni\u0219te desene. La un moment dat, poate \u0219i ceva compozi\u021bii audio. Poate ceva caligrafie. La filme, procesul tehnologic e deocamdat\u0103 prea complicat, vreau s\u0103 dedic doar c\u00e2teva ore pe s\u0103pt\u0103m\u00e2n\u0103 pentru tot procesul (scenarii \/ desene \/ audio merg rapid; creare \u0219i editare video, mai greu). La data scrierii acestui text (30 mai 2020), \u00eenc\u0103 nu am o imagine 100% clar\u0103 cu cum va ar\u0103ta proiectul peste ceva timp. Ceea ce e bine, vreau s\u0103 experimentez.<\/p>\n<p>\u00cencerc s\u0103 postez lucruri ce \u021bin de arte, de experimente, de \u00eencerc\u0103ri. \u00cencerc \u00eencerc\u0103ri \u0219i reu\u0219esc reu\u0219ite.<\/p>\n<p>Ca motiv al \u00eencerc\u0103rii curente, am avut mai multe surse:<\/p>\n<ul>\n<li>O discu\u021bie cu o persoan\u0103 la care \u021bin mult, care m-a sf\u0103tuit s\u0103 dau poeziei o \u0219ans\u0103.<\/li>\n<li>Am urm\u0103rit acum ceva ani un interviu cu <a title=\"IPS Bartolomeu Anania\" href=\"https:\/\/ro.wikipedia.org\/wiki\/Bartolomeu_Anania\" target=\"_blank\" rel=\"noopener noreferrer\">IPS Bartolomeu Anania<\/a> despre traducerea realizat\u0103 de el a Sfintei Scripturi. \u0218i spunea c\u0103 consider\u0103 c\u0103 \u00eentreaga activitate de p\u00e2n\u0103 la acel moment a fost o preg\u0103tire pentru traducere. Cam a\u0219a v\u0103d \u0219i \u00eencerc\u0103rile mele.<\/li>\n<li>Un g\u00e2nd despre o \u00eent\u00e2mplare din copil\u0103rie. Citeam \u201cUniversul copiilor\u201d \u0219i era \u00een revista aceasta c\u00e2te-o band\u0103 desenat\u0103 cu dou\u0103 personaje amuzante \u2013 Bubu \u0219i Clementina. \u0218i la un moment dat am trimis o scrisoare pe adresa redac\u021biei c\u0103tre Clementina. Trece ceva timp, \u0219i primesc o scrisoare acas\u0103 cu \u201cDa, a\u0219 vrea s\u0103 vorbim\u201d de la o fat\u0103 de prin Timi\u0219oara, parc\u0103. Ce m-am mai fr\u0103m\u00e2ntat. De ce \u00eemi scrie? Mie nu \u00eemi scria nimeni! \u0218i \u00eentreb\u0103ri, \u0219i dileme, ce s\u0103-i zic? Mai f\u0103cuse \u0219i o eroare gramatical\u0103 \u00een scrisoare. Nici nu \u0219tiam de ce mi-a scris. Dup\u0103 un timp, am pus lucrurile cap la cap, \u0219i m-am uitat \u00een num\u0103rul anterior din revist\u0103, \u0219i am g\u0103sit numele meu la \u201cCereri de coresponden\u021b\u0103\u201d, probabil cineva din redac\u021bie a f\u0103cut asta \u00een urma scrisorii mele c\u0103tre Clementina. Cert e c\u0103 nu m-am \u00eenvrednicit s\u0103 dau un r\u0103spuns fetei care \u00eemi scrisese, lucru pe care l-am regretat ulterior. \u0218i sunt \u0219i alte lucruri ne\u00eencercate pe care le regret, \u00eentr-o m\u0103sur\u0103 mai mare dec\u00e2t pe cele \u00eencercate \u0219i ratate. Am amintiri vii cu erori pe care le-am f\u0103cut \u2013 primul meu referat citit la \u0219coal\u0103, prima mea prezentare \u00een public, primul meu examen oral, prima plecare din N\u0103vodari, pe cont propriu, prima sesiune de comunic\u0103ri \u0219tiin\u021bifice, primul meu album foto. Am regrete cu unele \u00eencerc\u0103ri. Dar am regrete mai mari cu multe ne\u00eencerc\u0103ri.<\/li>\n<li>Un citat: \u201c\u201dI feared releasing something unimportant, so I didn\u2019t release anything at all.\u201d (<a title=\"Derek Sivers\" href=\"https:\/\/sivers.org\/ego\" target=\"_blank\" rel=\"noopener noreferrer\">Derek Sivers<\/a>).<\/li>\n<li>Un <a title=\"curs de scenaristic\u0103 recent\" href=\"https:\/\/olivian.ro\/atelier-de-scenaristica\/\">curs de scenaristic\u0103 recent<\/a>. A rezultat <a title=\"un scenariu\" href=\"https:\/\/olivian.ro\/sub-punct\/\">un scenariu<\/a>, propriu \u0219i personal (rafinat de c\u0103tre <a title=\"Vlad Trandafir\" href=\"http:\/\/www.colturidebucuresti.net\/vlad-trandafir\" target=\"_blank\" rel=\"noopener noreferrer\">Vlad Trandafir<\/a>).<\/li>\n<li>O combina\u021bie \u00eentre mai mult timp liber vs. mai pu\u021bine activit\u0103\u021bi \u00een care m\u0103 pot implica fizic, la N\u0103vodari.<\/li>\n<\/ul>\n<p><a href=\"https:\/\/olivian.ro\/arte\/arte-un-nou-inceput\/\">Am scris mai multe despre proiect aici \u00bb<\/a><\/p>\n<p>PS, 2020.07.26: De citit: <a href=\"https:\/\/austinkleon.com\/2020\/04\/15\/make-bad-art-too\/\">Make bad art, too &#8211; Austin Kleon<\/a>.<\/p>\n<p>\u0218i, pentru c\u0103 am voie s\u0103 m\u0103 joc, voi scrie \u00een aceea\u0219i pagin\u0103 \u00een dou\u0103 limbi diferite.<\/p>\n<p><strong>About Olivian Breda:\u00a0<\/strong><img loading=\"lazy\" decoding=\"async\" class=\"size-full wp-image-32249 alignright lazy-loaded\" src=\"https:\/\/olivian.ro\/wp-content\/uploads\/2019\/10\/olivian-breda-150px.jpg\" alt=\"\" width=\"150\" height=\"150\" data-lazy-type=\"image\" data-src=\"https:\/\/olivian.ro\/wp-content\/uploads\/2019\/10\/olivian-breda-150px.jpg\" \/><\/p>\n<p>I was born in Bucharest, Romania, on May 3, 1982. I was raised in a small place (P\u00eerjol, it\u2019s called) in Bac\u0103u county, Romania until I was 3 years old. From age 3 until I was 18 (in 2001), I lived in N\u0103vodari, Constan\u021ba, Rom\u00e2nia. Between 2001 \u2013 2015 I lived in Bucharest, Romania. From June 2015 until August 2016, I lived in London, United Kingdom. From August 2016 until September 2018, I lived in N\u0103vodari, Constan\u021ba, Romania. From October 2018 until May 2020, I lived \u00een Bucharest, Romania. Since June 2020 I live in N\u0103vodari, Constan\u021ba, Romania.<\/p>\n<p>I studied Informatics in high-school, economics in faculty, communication &amp; PR in Master of Arts, and IT &amp; Security in two different MSc.<\/p>\n<p>Co-founder of:\u00a0<a title=\"lumeaseoppc.ro\" href=\"http:\/\/lumeaseoppc.ro\/\" target=\"_blank\" rel=\"noopener noreferrer\">lumeaseoppc.ro<\/a>\u00a0(series of events on\u00a0SEO &amp; PPC),\u00a0<a title=\"cetd.ro\" href=\"http:\/\/cetd.ro\/\" target=\"_blank\" rel=\"noopener noreferrer\">cetd.ro<\/a> (a book on the personal brand of medical doctors). I write on <a href=\"https:\/\/olivian.ro\/\">olivian.ro<\/a><\/p>\n<p>I like self-development a lot.<\/p>\n<p><a title=\"Photos from childhood \u00bb\" href=\"https:\/\/olivian.ro\/poze-copilarie\/\">Photos from childhood \u00bb<\/a>.<\/p>\n<p align=\"center\">PS: I\u2019m a strong believer in this:<\/p>\n<blockquote><p>Repeating yourself can feel draining. However, if you want to be persuasive with your pitches, be prepared to say them over and over again. That repetition can be exactly what someone needs to internalize your ideas.\u00a0<a title=\"(source \u00bb)\" href=\"http:\/\/lifehacker.com\/use-repetition-to-become-more-persuasive-1755657502\" target=\"_blank\" rel=\"noopener noreferrer\">(source \u00bb)<\/a><\/p><\/blockquote>\n<blockquote><p>The ceramics teacher announced on opening day that he was dividing the class into two groups. All those on the left side of the studio, he said, would be graded solely on the quantity of work they produced, all those on the right solely on its quality.<\/p>\n<p>His procedure was simple: on the final day of class he would bring in his bathroom scales and weigh the work of the \u201cquantity\u201d group: fifty pound of pots rated an \u201cA\u201d, forty pounds a \u201cB\u201d, and so on. Those being graded on \u201cquality\u201d, however, needed to produce only one pot \u2013 albeit a perfect one \u2013 to get an \u201cA\u201d.<\/p>\n<p>Well, came grading time and a curious fact emerged: the works of highest quality were all produced by the group being graded for quantity. It seems that while the \u201cquantity\u201d group was busily churning out piles of work \u2013 and learning from their mistakes \u2013 the \u201cquality\u201d group had sat theorizing about perfection, and in the end had little more to show for their efforts than grandiose theories and a pile of dead clay.\u201d<\/p>\n<p>From Art and Fear, via Stratchery -&gt; Why BuzzFeed is the Most Important News Organization in the World<\/p>\n<p>(<a title=\"via\" href=\"http:\/\/bobbyvoicu.com\/\" target=\"_blank\" rel=\"noopener noreferrer\">via<\/a>)<\/p><\/blockquote>\n<figure id=\"attachment_9\" aria-describedby=\"caption-attachment-9\" style=\"width: 1190px\" class=\"wp-caption alignnone\"><a href=\"https:\/\/flic.kr\/p\/DYfkW\"><img loading=\"lazy\" decoding=\"async\" class=\"size-full wp-image-9\" src=\"https:\/\/olivian.ro\/arte\/wp-content\/uploads\/2020\/05\/drawing.jpg\" alt=\"Niko Nyman - Hand drawing\" width=\"1200\" height=\"900\" srcset=\"https:\/\/olivian.ro\/arte\/wp-content\/uploads\/2020\/05\/drawing.jpg 1200w, https:\/\/olivian.ro\/arte\/wp-content\/uploads\/2020\/05\/drawing-300x225.jpg 300w, https:\/\/olivian.ro\/arte\/wp-content\/uploads\/2020\/05\/drawing-1024x768.jpg 1024w, https:\/\/olivian.ro\/arte\/wp-content\/uploads\/2020\/05\/drawing-768x576.jpg 768w\" sizes=\"auto, (max-width: 1200px) 100vw, 1200px\" \/><\/a><figcaption id=\"caption-attachment-9\" class=\"wp-caption-text\">Niko Nyman &#8211; Hand drawing, https:\/\/flic.kr\/p\/DYfkW<\/figcaption><\/figure>\n<p>PS, 2020.08.22: <a href=\"https:\/\/olivian.ro\/arte\/ideas-for-articles\/\">Despre ce voi scrie? Ideas for articles &#8211; what to write when you&#8217;re looking for inspiration? &#8211; Arte (de Olivian Breda)<\/a>.<\/p>\n","protected":false},"excerpt":{"rendered":"<p>Writing is wonderful. Thanks to the generation effect, it helps you better remember what you read\u2014even if it\u2019s just by taking notes\u2014and is good for your mental health. Building a writing habit is one of the most powerful things you can do for yourself as a maker. via: Writing is the best personal growth tool &#8230; <\/p>\n<p class=\"read-more-container\"><a title=\"Despre\" class=\"read-more button\" href=\"https:\/\/olivian.ro\/arte\/despre\/#more-28\" aria-label=\"Cite\u0219te mai multe despre Despre\">Cite\u0219te mai multe<\/a><\/p>\n","protected":false},"author":1,"featured_media":9,"parent":0,"menu_order":0,"comment_status":"closed","ping_status":"closed","template":"","meta":{"footnotes":""},"class_list":["post-28","page","type-page","status-publish","has-post-thumbnail"],"yoast_head":"<!-- This site is optimized with the Yoast SEO plugin v27.5 - https:\/\/yoast.com\/product\/yoast-seo-wordpress\/ -->\n<title>Despre - Arte (de Olivian Breda)<\/title>\n<meta name=\"robots\" content=\"noindex, follow\" \/>\n<meta property=\"og:locale\" content=\"ro_RO\" \/>\n<meta property=\"og:type\" content=\"article\" \/>\n<meta property=\"og:title\" content=\"Despre - Arte (de Olivian Breda)\" \/>\n<meta property=\"og:description\" content=\"Writing is wonderful. Thanks to the generation effect, it helps you better remember what you read\u2014even if it\u2019s just by taking notes\u2014and is good for your mental health. Building a writing habit is one of the most powerful things you can do for yourself as a maker. via: Writing is the best personal growth tool ... Cite\u0219te mai multe\" \/>\n<meta property=\"og:url\" content=\"https:\/\/olivian.ro\/arte\/despre\/\" \/>\n<meta property=\"og:site_name\" content=\"Arte (de Olivian Breda)\" \/>\n<meta property=\"article:modified_time\" content=\"2026-01-14T07:14:03+00:00\" \/>\n<meta property=\"og:image\" content=\"https:\/\/olivian.ro\/arte\/wp-content\/uploads\/2020\/05\/drawing.jpg\" \/>\n\t<meta property=\"og:image:width\" content=\"1200\" \/>\n\t<meta property=\"og:image:height\" content=\"900\" \/>\n\t<meta property=\"og:image:type\" content=\"image\/jpeg\" \/>\n<meta name=\"twitter:card\" content=\"summary_large_image\" \/>\n<meta name=\"twitter:label1\" content=\"Timp estimat pentru citire\" \/>\n\t<meta name=\"twitter:data1\" content=\"5 minute\" \/>\n<script type=\"application\/ld+json\" class=\"yoast-schema-graph\">{\"@context\":\"https:\\\/\\\/schema.org\",\"@graph\":[{\"@type\":\"WebPage\",\"@id\":\"https:\\\/\\\/olivian.ro\\\/arte\\\/despre\\\/\",\"url\":\"https:\\\/\\\/olivian.ro\\\/arte\\\/despre\\\/\",\"name\":\"Despre - Arte (de Olivian Breda)\",\"isPartOf\":{\"@id\":\"https:\\\/\\\/olivian.ro\\\/arte\\\/#website\"},\"primaryImageOfPage\":{\"@id\":\"https:\\\/\\\/olivian.ro\\\/arte\\\/despre\\\/#primaryimage\"},\"image\":{\"@id\":\"https:\\\/\\\/olivian.ro\\\/arte\\\/despre\\\/#primaryimage\"},\"thumbnailUrl\":\"https:\\\/\\\/olivian.ro\\\/arte\\\/wp-content\\\/uploads\\\/2020\\\/05\\\/drawing.jpg\",\"datePublished\":\"2018-09-12T20:25:16+00:00\",\"dateModified\":\"2026-01-14T07:14:03+00:00\",\"breadcrumb\":{\"@id\":\"https:\\\/\\\/olivian.ro\\\/arte\\\/despre\\\/#breadcrumb\"},\"inLanguage\":\"ro-RO\",\"potentialAction\":[{\"@type\":\"ReadAction\",\"target\":[\"https:\\\/\\\/olivian.ro\\\/arte\\\/despre\\\/\"]}]},{\"@type\":\"ImageObject\",\"inLanguage\":\"ro-RO\",\"@id\":\"https:\\\/\\\/olivian.ro\\\/arte\\\/despre\\\/#primaryimage\",\"url\":\"https:\\\/\\\/olivian.ro\\\/arte\\\/wp-content\\\/uploads\\\/2020\\\/05\\\/drawing.jpg\",\"contentUrl\":\"https:\\\/\\\/olivian.ro\\\/arte\\\/wp-content\\\/uploads\\\/2020\\\/05\\\/drawing.jpg\",\"width\":1200,\"height\":900,\"caption\":\"Niko Nyman - Hand drawing, https:\\\/\\\/flic.kr\\\/p\\\/DYfkW\"},{\"@type\":\"BreadcrumbList\",\"@id\":\"https:\\\/\\\/olivian.ro\\\/arte\\\/despre\\\/#breadcrumb\",\"itemListElement\":[{\"@type\":\"ListItem\",\"position\":1,\"name\":\"Home\",\"item\":\"https:\\\/\\\/olivian.ro\\\/arte\\\/\"},{\"@type\":\"ListItem\",\"position\":2,\"name\":\"Despre\"}]},{\"@type\":\"WebSite\",\"@id\":\"https:\\\/\\\/olivian.ro\\\/arte\\\/#website\",\"url\":\"https:\\\/\\\/olivian.ro\\\/arte\\\/\",\"name\":\"Arte (de Olivian Breda)\",\"description\":\"Loc de joac\u0103\",\"potentialAction\":[{\"@type\":\"SearchAction\",\"target\":{\"@type\":\"EntryPoint\",\"urlTemplate\":\"https:\\\/\\\/olivian.ro\\\/arte\\\/?s={search_term_string}\"},\"query-input\":{\"@type\":\"PropertyValueSpecification\",\"valueRequired\":true,\"valueName\":\"search_term_string\"}}],\"inLanguage\":\"ro-RO\"}]}<\/script>\n<!-- \/ Yoast SEO plugin. -->","yoast_head_json":{"title":"Despre - Arte (de Olivian Breda)","robots":{"index":"noindex","follow":"follow"},"og_locale":"ro_RO","og_type":"article","og_title":"Despre - Arte (de Olivian Breda)","og_description":"Writing is wonderful. Thanks to the generation effect, it helps you better remember what you read\u2014even if it\u2019s just by taking notes\u2014and is good for your mental health. Building a writing habit is one of the most powerful things you can do for yourself as a maker. via: Writing is the best personal growth tool ... Cite\u0219te mai multe","og_url":"https:\/\/olivian.ro\/arte\/despre\/","og_site_name":"Arte (de Olivian Breda)","article_modified_time":"2026-01-14T07:14:03+00:00","og_image":[{"width":1200,"height":900,"url":"https:\/\/olivian.ro\/arte\/wp-content\/uploads\/2020\/05\/drawing.jpg","type":"image\/jpeg"}],"twitter_card":"summary_large_image","twitter_misc":{"Timp estimat pentru citire":"5 minute"},"schema":{"@context":"https:\/\/schema.org","@graph":[{"@type":"WebPage","@id":"https:\/\/olivian.ro\/arte\/despre\/","url":"https:\/\/olivian.ro\/arte\/despre\/","name":"Despre - Arte (de Olivian Breda)","isPartOf":{"@id":"https:\/\/olivian.ro\/arte\/#website"},"primaryImageOfPage":{"@id":"https:\/\/olivian.ro\/arte\/despre\/#primaryimage"},"image":{"@id":"https:\/\/olivian.ro\/arte\/despre\/#primaryimage"},"thumbnailUrl":"https:\/\/olivian.ro\/arte\/wp-content\/uploads\/2020\/05\/drawing.jpg","datePublished":"2018-09-12T20:25:16+00:00","dateModified":"2026-01-14T07:14:03+00:00","breadcrumb":{"@id":"https:\/\/olivian.ro\/arte\/despre\/#breadcrumb"},"inLanguage":"ro-RO","potentialAction":[{"@type":"ReadAction","target":["https:\/\/olivian.ro\/arte\/despre\/"]}]},{"@type":"ImageObject","inLanguage":"ro-RO","@id":"https:\/\/olivian.ro\/arte\/despre\/#primaryimage","url":"https:\/\/olivian.ro\/arte\/wp-content\/uploads\/2020\/05\/drawing.jpg","contentUrl":"https:\/\/olivian.ro\/arte\/wp-content\/uploads\/2020\/05\/drawing.jpg","width":1200,"height":900,"caption":"Niko Nyman - Hand drawing, https:\/\/flic.kr\/p\/DYfkW"},{"@type":"BreadcrumbList","@id":"https:\/\/olivian.ro\/arte\/despre\/#breadcrumb","itemListElement":[{"@type":"ListItem","position":1,"name":"Home","item":"https:\/\/olivian.ro\/arte\/"},{"@type":"ListItem","position":2,"name":"Despre"}]},{"@type":"WebSite","@id":"https:\/\/olivian.ro\/arte\/#website","url":"https:\/\/olivian.ro\/arte\/","name":"Arte (de Olivian Breda)","description":"Loc de joac\u0103","potentialAction":[{"@type":"SearchAction","target":{"@type":"EntryPoint","urlTemplate":"https:\/\/olivian.ro\/arte\/?s={search_term_string}"},"query-input":{"@type":"PropertyValueSpecification","valueRequired":true,"valueName":"search_term_string"}}],"inLanguage":"ro-RO"}]}},"_links":{"self":[{"href":"https:\/\/olivian.ro\/arte\/wp-json\/wp\/v2\/pages\/28","targetHints":{"allow":["GET"]}}],"collection":[{"href":"https:\/\/olivian.ro\/arte\/wp-json\/wp\/v2\/pages"}],"about":[{"href":"https:\/\/olivian.ro\/arte\/wp-json\/wp\/v2\/types\/page"}],"author":[{"embeddable":true,"href":"https:\/\/olivian.ro\/arte\/wp-json\/wp\/v2\/users\/1"}],"replies":[{"embeddable":true,"href":"https:\/\/olivian.ro\/arte\/wp-json\/wp\/v2\/comments?post=28"}],"version-history":[{"count":15,"href":"https:\/\/olivian.ro\/arte\/wp-json\/wp\/v2\/pages\/28\/revisions"}],"predecessor-version":[{"id":1340,"href":"https:\/\/olivian.ro\/arte\/wp-json\/wp\/v2\/pages\/28\/revisions\/1340"}],"wp:featuredmedia":[{"embeddable":true,"href":"https:\/\/olivian.ro\/arte\/wp-json\/wp\/v2\/media\/9"}],"wp:attachment":[{"href":"https:\/\/olivian.ro\/arte\/wp-json\/wp\/v2\/media?parent=28"}],"curies":[{"name":"wp","href":"https:\/\/api.w.org\/{rel}","templated":true}]}}